{"id":161,"date":"2024-02-14T10:05:03","date_gmt":"2024-02-14T09:05:03","guid":{"rendered":"https:\/\/renatta.es\/blog\/?page_id=161"},"modified":"2024-02-14T10:08:31","modified_gmt":"2024-02-14T09:08:31","slug":"blog","status":"publish","type":"page","link":"https:\/\/renatta.es\/blog\/","title":{"rendered":"Blog"},"content":{"rendered":"\t\t<div data-elementor-type=\"wp-page\" data-elementor-id=\"161\" class=\"elementor elementor-161\">\n\t\t\t\t<div class=\"elementor-element elementor-element-64600d5 e-con-full e-flex e-con e-parent\" data-id=\"64600d5\" data-element_type=\"container\" data-settings=\"{&quot;content_width&quot;:&quot;full&quot;}\" data-core-v316-plus=\"true\">\n\t\t\t\t<div class=\"elementor-element elementor-element-2d03a3a elementor-widget elementor-widget-image\" data-id=\"2d03a3a\" data-element_type=\"widget\" data-widget_type=\"image.default\">\n\t\t\t\t<div class=\"elementor-widget-container\">\n\t\t\t<style>\/*! elementor - v3.19.0 - 07-02-2024 *\/\n.elementor-widget-image{text-align:center}.elementor-widget-image a{display:inline-block}.elementor-widget-image a img[src$=\".svg\"]{width:48px}.elementor-widget-image img{vertical-align:middle;display:inline-block}<\/style>\t\t\t\t\t\t\t\t\t\t<img fetchpriority=\"high\" decoding=\"async\" width=\"1600\" height=\"460\" src=\"https:\/\/renatta.es\/blog\/wp-content\/uploads\/2024\/02\/cropped-Banner-web-home-I23.jpg\" class=\"attachment-full size-full wp-image-163\" alt=\"\" srcset=\"https:\/\/renatta.es\/blog\/wp-content\/uploads\/2024\/02\/cropped-Banner-web-home-I23.jpg 1600w, https:\/\/renatta.es\/blog\/wp-content\/uploads\/2024\/02\/cropped-Banner-web-home-I23-300x86.jpg 300w, https:\/\/renatta.es\/blog\/wp-content\/uploads\/2024\/02\/cropped-Banner-web-home-I23-1024x294.jpg 1024w, https:\/\/renatta.es\/blog\/wp-content\/uploads\/2024\/02\/cropped-Banner-web-home-I23-768x221.jpg 768w, https:\/\/renatta.es\/blog\/wp-content\/uploads\/2024\/02\/cropped-Banner-web-home-I23-1536x442.jpg 1536w\" sizes=\"(max-width: 1600px) 100vw, 1600px\" \/>\t\t\t\t\t\t\t\t\t\t\t\t\t<\/div>\n\t\t\t\t<\/div>\n\t\t\t\t<\/div>\n\t\t<div class=\"elementor-element elementor-element-646ca34 e-flex e-con-boxed e-con e-parent\" data-id=\"646ca34\" data-element_type=\"container\" data-settings=\"{&quot;content_width&quot;:&quot;boxed&quot;}\" data-core-v316-plus=\"true\">\n\t\t\t\t\t<div class=\"e-con-inner\">\n\t\t\t\t<div class=\"elementor-element elementor-element-ca4e295 elementor-widget elementor-widget-spacer\" data-id=\"ca4e295\" data-element_type=\"widget\" data-widget_type=\"spacer.default\">\n\t\t\t\t<div class=\"elementor-widget-container\">\n\t\t\t<style>\/*! elementor - v3.19.0 - 07-02-2024 *\/\n.elementor-column .elementor-spacer-inner{height:var(--spacer-size)}.e-con{--container-widget-width:100%}.e-con-inner>.elementor-widget-spacer,.e-con>.elementor-widget-spacer{width:var(--container-widget-width,var(--spacer-size));--align-self:var(--container-widget-align-self,initial);--flex-shrink:0}.e-con-inner>.elementor-widget-spacer>.elementor-widget-container,.e-con>.elementor-widget-spacer>.elementor-widget-container{height:100%;width:100%}.e-con-inner>.elementor-widget-spacer>.elementor-widget-container>.elementor-spacer,.e-con>.elementor-widget-spacer>.elementor-widget-container>.elementor-spacer{height:100%}.e-con-inner>.elementor-widget-spacer>.elementor-widget-container>.elementor-spacer>.elementor-spacer-inner,.e-con>.elementor-widget-spacer>.elementor-widget-container>.elementor-spacer>.elementor-spacer-inner{height:var(--container-widget-height,var(--spacer-size))}.e-con-inner>.elementor-widget-spacer.elementor-widget-empty,.e-con>.elementor-widget-spacer.elementor-widget-empty{position:relative;min-height:22px;min-width:22px}.e-con-inner>.elementor-widget-spacer.elementor-widget-empty .elementor-widget-empty-icon,.e-con>.elementor-widget-spacer.elementor-widget-empty .elementor-widget-empty-icon{position:absolute;top:0;bottom:0;left:0;right:0;margin:auto;padding:0;width:22px;height:22px}<\/style>\t\t<div class=\"elementor-spacer\">\n\t\t\t<div class=\"elementor-spacer-inner\"><\/div>\n\t\t<\/div>\n\t\t\t\t<\/div>\n\t\t\t\t<\/div>\n\t\t\t\t<div class=\"elementor-element elementor-element-0f602d4 elementor-grid-2 elementor-grid-tablet-2 elementor-grid-mobile-1 elementor-posts--thumbnail-top elementor-card-shadow-yes elementor-posts__hover-gradient elementor-widget elementor-widget-posts\" data-id=\"0f602d4\" data-element_type=\"widget\" data-settings=\"{&quot;cards_columns&quot;:&quot;2&quot;,&quot;cards_columns_tablet&quot;:&quot;2&quot;,&quot;cards_columns_mobile&quot;:&quot;1&quot;,&quot;cards_row_gap&quot;:{&quot;unit&quot;:&quot;px&quot;,&quot;size&quot;:35,&quot;sizes&quot;:[]},&quot;cards_row_gap_tablet&quot;:{&quot;unit&quot;:&quot;px&quot;,&quot;size&quot;:&quot;&quot;,&quot;sizes&quot;:[]},&quot;cards_row_gap_mobile&quot;:{&quot;unit&quot;:&quot;px&quot;,&quot;size&quot;:&quot;&quot;,&quot;sizes&quot;:[]}}\" data-widget_type=\"posts.cards\">\n\t\t\t\t<div class=\"elementor-widget-container\">\n\t\t\t<link rel=\"stylesheet\" href=\"https:\/\/renatta.es\/blog\/wp-content\/plugins\/elementor-pro\/assets\/css\/widget-posts.min.css\">\t\t<div class=\"elementor-posts-container elementor-posts elementor-posts--skin-cards elementor-grid\">\n\t\t\t\t<article class=\"elementor-post elementor-grid-item post-320 post type-post status-publish format-standard has-post-thumbnail hentry category-sin-categoria\">\n\t\t\t<div class=\"elementor-post__card\">\n\t\t\t\t<a class=\"elementor-post__thumbnail__link\" href=\"https:\/\/renatta.es\/blog\/estilo-sandalias-verano\/\" ><div class=\"elementor-post__thumbnail\"><img decoding=\"async\" width=\"750\" height=\"395\" src=\"https:\/\/renatta.es\/blog\/wp-content\/uploads\/2024\/06\/Imagen-destacada-blog-renatta-1.png\" class=\"attachment-full size-full wp-image-331\" alt=\"\" srcset=\"https:\/\/renatta.es\/blog\/wp-content\/uploads\/2024\/06\/Imagen-destacada-blog-renatta-1.png 750w, https:\/\/renatta.es\/blog\/wp-content\/uploads\/2024\/06\/Imagen-destacada-blog-renatta-1-300x158.png 300w\" sizes=\"(max-width: 750px) 100vw, 750px\" \/><\/div><\/a>\n\t\t\t\t<div class=\"elementor-post__text\">\n\t\t\t\t<h3 class=\"elementor-post__title\">\n\t\t\t<a href=\"https:\/\/renatta.es\/blog\/estilo-sandalias-verano\/\" >\n\t\t\t\tDe la ciudad a la playa: Estilo en cada paso con las sandalias del verano\t\t\t<\/a>\n\t\t<\/h3>\n\t\t\t\t<div class=\"elementor-post__excerpt\">\n\t\t\t<p>El verano es una temporada que invita al cambio. Desde el bullicio de la ciudad hasta la serenidad de la playa, nuestros d\u00edas se llenan<\/p>\n\t\t<\/div>\n\t\t\n\t\t<a class=\"elementor-post__read-more\" href=\"https:\/\/renatta.es\/blog\/estilo-sandalias-verano\/\" >\n\t\t\tLeer M\u00e1s \u00bb\t\t<\/a>\n\n\t\t\t\t<\/div>\n\t\t\t\t\t<\/div>\n\t\t<\/article>\n\t\t\t\t<article class=\"elementor-post elementor-grid-item post-312 post type-post status-publish format-standard has-post-thumbnail hentry category-sin-categoria\">\n\t\t\t<div class=\"elementor-post__card\">\n\t\t\t\t<a class=\"elementor-post__thumbnail__link\" href=\"https:\/\/renatta.es\/blog\/zapatos-invitada-boda\/\" ><div class=\"elementor-post__thumbnail\"><img decoding=\"async\" width=\"750\" height=\"395\" src=\"https:\/\/renatta.es\/blog\/wp-content\/uploads\/2024\/05\/Imagen-destacada-blog-renatta-4-1.png\" class=\"attachment-full size-full wp-image-318\" alt=\"\" srcset=\"https:\/\/renatta.es\/blog\/wp-content\/uploads\/2024\/05\/Imagen-destacada-blog-renatta-4-1.png 750w, https:\/\/renatta.es\/blog\/wp-content\/uploads\/2024\/05\/Imagen-destacada-blog-renatta-4-1-300x158.png 300w\" sizes=\"(max-width: 750px) 100vw, 750px\" \/><\/div><\/a>\n\t\t\t\t<div class=\"elementor-post__text\">\n\t\t\t\t<h3 class=\"elementor-post__title\">\n\t\t\t<a href=\"https:\/\/renatta.es\/blog\/zapatos-invitada-boda\/\" >\n\t\t\t\tEl toque final perfecto: Descubre el calzado ideal para ser la invitada perfecta en cualquier boda\t\t\t<\/a>\n\t\t<\/h3>\n\t\t\t\t<div class=\"elementor-post__excerpt\">\n\t\t\t<p>Asistir a una boda es siempre un acontecimiento especial, lleno de emoci\u00f3n, alegr\u00eda y, por supuesto, estilo. Para muchas, la elecci\u00f3n del atuendo puede ser<\/p>\n\t\t<\/div>\n\t\t\n\t\t<a class=\"elementor-post__read-more\" href=\"https:\/\/renatta.es\/blog\/zapatos-invitada-boda\/\" >\n\t\t\tLeer M\u00e1s \u00bb\t\t<\/a>\n\n\t\t\t\t<\/div>\n\t\t\t\t\t<\/div>\n\t\t<\/article>\n\t\t\t\t<article class=\"elementor-post elementor-grid-item post-306 post type-post status-publish format-standard has-post-thumbnail hentry category-sin-categoria\">\n\t\t\t<div class=\"elementor-post__card\">\n\t\t\t\t<a class=\"elementor-post__thumbnail__link\" href=\"https:\/\/renatta.es\/blog\/calzado-boda-zapatos-boda\/\" ><div class=\"elementor-post__thumbnail\"><img loading=\"lazy\" decoding=\"async\" width=\"750\" height=\"395\" src=\"https:\/\/renatta.es\/blog\/wp-content\/uploads\/2024\/05\/Imagen-destacada-blog-renatta-3.png\" class=\"attachment-full size-full wp-image-311\" alt=\"\" srcset=\"https:\/\/renatta.es\/blog\/wp-content\/uploads\/2024\/05\/Imagen-destacada-blog-renatta-3.png 750w, https:\/\/renatta.es\/blog\/wp-content\/uploads\/2024\/05\/Imagen-destacada-blog-renatta-3-300x158.png 300w\" sizes=\"(max-width: 750px) 100vw, 750px\" \/><\/div><\/a>\n\t\t\t\t<div class=\"elementor-post__text\">\n\t\t\t\t<h3 class=\"elementor-post__title\">\n\t\t\t<a href=\"https:\/\/renatta.es\/blog\/calzado-boda-zapatos-boda\/\" >\n\t\t\t\tDeslumbra en la boda: Calzado perfecto para un d\u00eda muy especial\t\t\t<\/a>\n\t\t<\/h3>\n\t\t\t\t<div class=\"elementor-post__excerpt\">\n\t\t\t<p>La boda es un d\u00eda lleno de emociones, momentos inolvidables y, por supuesto, una cuidadosa planificaci\u00f3n de cada detalle. Uno de los elementos m\u00e1s importantes<\/p>\n\t\t<\/div>\n\t\t\n\t\t<a class=\"elementor-post__read-more\" href=\"https:\/\/renatta.es\/blog\/calzado-boda-zapatos-boda\/\" >\n\t\t\tLeer M\u00e1s \u00bb\t\t<\/a>\n\n\t\t\t\t<\/div>\n\t\t\t\t\t<\/div>\n\t\t<\/article>\n\t\t\t\t<article class=\"elementor-post elementor-grid-item post-130 post type-post status-publish format-standard has-post-thumbnail hentry category-sin-categoria\">\n\t\t\t<div class=\"elementor-post__card\">\n\t\t\t\t<a class=\"elementor-post__thumbnail__link\" href=\"https:\/\/renatta.es\/blog\/deslumbrate-en-otono-como-combinar-botas-altas-con-estilo-y-elegancia\/\" ><div class=\"elementor-post__thumbnail\"><img loading=\"lazy\" decoding=\"async\" width=\"750\" height=\"395\" src=\"https:\/\/renatta.es\/blog\/wp-content\/uploads\/2023\/11\/Imagen-destacada-blog-renatta-1-2.png\" class=\"attachment-full size-full wp-image-138\" alt=\"botas altas con estilo calzados renatta\" srcset=\"https:\/\/renatta.es\/blog\/wp-content\/uploads\/2023\/11\/Imagen-destacada-blog-renatta-1-2.png 750w, https:\/\/renatta.es\/blog\/wp-content\/uploads\/2023\/11\/Imagen-destacada-blog-renatta-1-2-300x158.png 300w\" sizes=\"(max-width: 750px) 100vw, 750px\" \/><\/div><\/a>\n\t\t\t\t<div class=\"elementor-post__text\">\n\t\t\t\t<h3 class=\"elementor-post__title\">\n\t\t\t<a href=\"https:\/\/renatta.es\/blog\/deslumbrate-en-otono-como-combinar-botas-altas-con-estilo-y-elegancia\/\" >\n\t\t\t\tDesl\u00fambrate en Oto\u00f1o: C\u00f3mo Combinar Botas Altas con Estilo y Elegancia\t\t\t<\/a>\n\t\t<\/h3>\n\t\t\t\t<div class=\"elementor-post__excerpt\">\n\t\t\t<p>El oto\u00f1o es la temporada perfecta para desempolvar esas botas altas y darles el protagonismo que se merecen, te preguntar\u00e1s \u00bfc\u00f3mo puedo combinarlas? \u00bfCu\u00e1l es<\/p>\n\t\t<\/div>\n\t\t\n\t\t<a class=\"elementor-post__read-more\" href=\"https:\/\/renatta.es\/blog\/deslumbrate-en-otono-como-combinar-botas-altas-con-estilo-y-elegancia\/\" >\n\t\t\tLeer M\u00e1s \u00bb\t\t<\/a>\n\n\t\t\t\t<\/div>\n\t\t\t\t\t<\/div>\n\t\t<\/article>\n\t\t\t\t<article class=\"elementor-post elementor-grid-item post-109 post type-post status-publish format-standard has-post-thumbnail hentry category-sin-categoria\">\n\t\t\t<div class=\"elementor-post__card\">\n\t\t\t\t<a class=\"elementor-post__thumbnail__link\" href=\"https:\/\/renatta.es\/blog\/mejores-outfits-para-combinar-con-botines\/\" ><div class=\"elementor-post__thumbnail\"><img loading=\"lazy\" decoding=\"async\" width=\"750\" height=\"395\" src=\"https:\/\/renatta.es\/blog\/wp-content\/uploads\/2023\/11\/Imagen-destacada-blog-renatta-5.png\" class=\"attachment-full size-full wp-image-123\" alt=\"botines outfit calzados renatta\" srcset=\"https:\/\/renatta.es\/blog\/wp-content\/uploads\/2023\/11\/Imagen-destacada-blog-renatta-5.png 750w, https:\/\/renatta.es\/blog\/wp-content\/uploads\/2023\/11\/Imagen-destacada-blog-renatta-5-300x158.png 300w\" sizes=\"(max-width: 750px) 100vw, 750px\" \/><\/div><\/a>\n\t\t\t\t<div class=\"elementor-post__text\">\n\t\t\t\t<h3 class=\"elementor-post__title\">\n\t\t\t<a href=\"https:\/\/renatta.es\/blog\/mejores-outfits-para-combinar-con-botines\/\" >\n\t\t\t\tEleva tu Estilo: Los Mejores Outfits para combinar con Botines en cualquier ocasi\u00f3n\t\t\t<\/a>\n\t\t<\/h3>\n\t\t\t\t<div class=\"elementor-post__excerpt\">\n\t\t\t<p>En el emocionante mundo de la moda, los botines han emergido como un elemento esencial y vers\u00e1til que puede transformar por completo tu conjunto. Ya<\/p>\n\t\t<\/div>\n\t\t\n\t\t<a class=\"elementor-post__read-more\" href=\"https:\/\/renatta.es\/blog\/mejores-outfits-para-combinar-con-botines\/\" >\n\t\t\tLeer M\u00e1s \u00bb\t\t<\/a>\n\n\t\t\t\t<\/div>\n\t\t\t\t\t<\/div>\n\t\t<\/article>\n\t\t\t\t<article class=\"elementor-post elementor-grid-item post-98 post type-post status-publish format-standard has-post-thumbnail hentry category-sin-categoria\">\n\t\t\t<div class=\"elementor-post__card\">\n\t\t\t\t<a class=\"elementor-post__thumbnail__link\" href=\"https:\/\/renatta.es\/blog\/zapatos-de-invierno-estilo-y-comodidad-en-una-sola-eleccion\/\" ><div class=\"elementor-post__thumbnail\"><img loading=\"lazy\" decoding=\"async\" width=\"750\" height=\"395\" src=\"https:\/\/renatta.es\/blog\/wp-content\/uploads\/2023\/11\/Imagen-destacada-blog-renatta-2.png\" class=\"attachment-full size-full wp-image-106\" alt=\"\" srcset=\"https:\/\/renatta.es\/blog\/wp-content\/uploads\/2023\/11\/Imagen-destacada-blog-renatta-2.png 750w, https:\/\/renatta.es\/blog\/wp-content\/uploads\/2023\/11\/Imagen-destacada-blog-renatta-2-300x158.png 300w\" sizes=\"(max-width: 750px) 100vw, 750px\" \/><\/div><\/a>\n\t\t\t\t<div class=\"elementor-post__text\">\n\t\t\t\t<h3 class=\"elementor-post__title\">\n\t\t\t<a href=\"https:\/\/renatta.es\/blog\/zapatos-de-invierno-estilo-y-comodidad-en-una-sola-eleccion\/\" >\n\t\t\t\tZapatos de Invierno: Estilo y Comodidad en una Sola Elecci\u00f3n\t\t\t<\/a>\n\t\t<\/h3>\n\t\t\t\t<div class=\"elementor-post__excerpt\">\n\t\t\t<p>El invierno se acerca con su clima fr\u00edo y d\u00edas m\u00e1s cortos, lo que significa que es hora de actualizar tu guardarropa con calzado adecuado.<\/p>\n\t\t<\/div>\n\t\t\n\t\t<a class=\"elementor-post__read-more\" href=\"https:\/\/renatta.es\/blog\/zapatos-de-invierno-estilo-y-comodidad-en-una-sola-eleccion\/\" >\n\t\t\tLeer M\u00e1s \u00bb\t\t<\/a>\n\n\t\t\t\t<\/div>\n\t\t\t\t\t<\/div>\n\t\t<\/article>\n\t\t\t\t<\/div>\n\t\t\n\t\t\t\t<\/div>\n\t\t\t\t<\/div>\n\t\t\t\t<div class=\"elementor-element elementor-element-3c39da1 elementor-widget elementor-widget-spacer\" data-id=\"3c39da1\" data-element_type=\"widget\" data-widget_type=\"spacer.default\">\n\t\t\t\t<div class=\"elementor-widget-container\">\n\t\t\t\t\t<div class=\"elementor-spacer\">\n\t\t\t<div class=\"elementor-spacer-inner\"><\/div>\n\t\t<\/div>\n\t\t\t\t<\/div>\n\t\t\t\t<\/div>\n\t\t\t\t\t<\/div>\n\t\t\t\t<\/div>\n\t\t\t\t<\/div>\n\t\t","protected":false},"excerpt":{"rendered":"","protected":false},"author":1,"featured_media":0,"parent":0,"menu_order":0,"comment_status":"closed","ping_status":"closed","template":"","meta":{"footnotes":""},"class_list":["post-161","page","type-page","status-publish","hentry"],"yoast_head":"<!-- This site is optimized with the Yoast SEO plugin v22.0 - https:\/\/yoast.com\/wordpress\/plugins\/seo\/ -->\n<title>Blog - Renatta Jop - Blog<\/title>\n<meta name=\"robots\" content=\"index, follow, max-snippet:-1, max-image-preview:large, max-video-preview:-1\" \/>\n<link rel=\"canonical\" href=\"https:\/\/renatta.es\/blog\/\" \/>\n<meta property=\"og:locale\" content=\"es_ES\" \/>\n<meta property=\"og:type\" content=\"article\" \/>\n<meta property=\"og:title\" content=\"Blog - Renatta Jop - Blog\" \/>\n<meta property=\"og:url\" content=\"https:\/\/renatta.es\/blog\/\" \/>\n<meta property=\"og:site_name\" content=\"Renatta Jop - Blog\" \/>\n<meta property=\"article:modified_time\" content=\"2024-02-14T09:08:31+00:00\" \/>\n<meta property=\"og:image\" content=\"https:\/\/renatta.es\/blog\/wp-content\/uploads\/2024\/02\/cropped-Banner-web-home-I23.jpg\" \/>\n<meta name=\"twitter:card\" content=\"summary_large_image\" \/>\n<meta name=\"twitter:label1\" content=\"Tiempo de lectura\" \/>\n\t<meta name=\"twitter:data1\" content=\"4 minutos\" \/>\n<script type=\"application\/ld+json\" class=\"yoast-schema-graph\">{\"@context\":\"https:\/\/schema.org\",\"@graph\":[{\"@type\":\"WebPage\",\"@id\":\"https:\/\/renatta.es\/blog\/\",\"url\":\"https:\/\/renatta.es\/blog\/\",\"name\":\"Blog - Renatta Jop - Blog\",\"isPartOf\":{\"@id\":\"https:\/\/renatta.es\/blog\/#website\"},\"datePublished\":\"2024-02-14T09:05:03+00:00\",\"dateModified\":\"2024-02-14T09:08:31+00:00\",\"breadcrumb\":{\"@id\":\"https:\/\/renatta.es\/blog\/#breadcrumb\"},\"inLanguage\":\"es\",\"potentialAction\":[{\"@type\":\"ReadAction\",\"target\":[\"https:\/\/renatta.es\/blog\/\"]}]},{\"@type\":\"BreadcrumbList\",\"@id\":\"https:\/\/renatta.es\/blog\/#breadcrumb\",\"itemListElement\":[{\"@type\":\"ListItem\",\"position\":1,\"name\":\"Portada\",\"item\":\"https:\/\/renatta.es\/blog\/\"},{\"@type\":\"ListItem\",\"position\":2,\"name\":\"Blog\"}]},{\"@type\":\"WebSite\",\"@id\":\"https:\/\/renatta.es\/blog\/#website\",\"url\":\"https:\/\/renatta.es\/blog\/\",\"name\":\"Renatta Jop - Blog\",\"description\":\"\",\"publisher\":{\"@id\":\"https:\/\/renatta.es\/blog\/#organization\"},\"potentialAction\":[{\"@type\":\"SearchAction\",\"target\":{\"@type\":\"EntryPoint\",\"urlTemplate\":\"https:\/\/renatta.es\/blog\/?s={search_term_string}\"},\"query-input\":\"required name=search_term_string\"}],\"inLanguage\":\"es\"},{\"@type\":\"Organization\",\"@id\":\"https:\/\/renatta.es\/blog\/#organization\",\"name\":\"Renatta Jop - Blog\",\"url\":\"https:\/\/renatta.es\/blog\/\",\"logo\":{\"@type\":\"ImageObject\",\"inLanguage\":\"es\",\"@id\":\"https:\/\/renatta.es\/blog\/#\/schema\/logo\/image\/\",\"url\":\"https:\/\/renatta.es\/blog\/wp-content\/uploads\/2024\/02\/renatta-logo.png\",\"contentUrl\":\"https:\/\/renatta.es\/blog\/wp-content\/uploads\/2024\/02\/renatta-logo.png\",\"width\":295,\"height\":60,\"caption\":\"Renatta Jop - Blog\"},\"image\":{\"@id\":\"https:\/\/renatta.es\/blog\/#\/schema\/logo\/image\/\"}}]}<\/script>\n<!-- \/ Yoast SEO plugin. -->","yoast_head_json":{"title":"Blog - Renatta Jop - Blog","robots":{"index":"index","follow":"follow","max-snippet":"max-snippet:-1","max-image-preview":"max-image-preview:large","max-video-preview":"max-video-preview:-1"},"canonical":"https:\/\/renatta.es\/blog\/","og_locale":"es_ES","og_type":"article","og_title":"Blog - Renatta Jop - Blog","og_url":"https:\/\/renatta.es\/blog\/","og_site_name":"Renatta Jop - Blog","article_modified_time":"2024-02-14T09:08:31+00:00","og_image":[{"url":"https:\/\/renatta.es\/blog\/wp-content\/uploads\/2024\/02\/cropped-Banner-web-home-I23.jpg"}],"twitter_card":"summary_large_image","twitter_misc":{"Tiempo de lectura":"4 minutos"},"schema":{"@context":"https:\/\/schema.org","@graph":[{"@type":"WebPage","@id":"https:\/\/renatta.es\/blog\/","url":"https:\/\/renatta.es\/blog\/","name":"Blog - Renatta Jop - Blog","isPartOf":{"@id":"https:\/\/renatta.es\/blog\/#website"},"datePublished":"2024-02-14T09:05:03+00:00","dateModified":"2024-02-14T09:08:31+00:00","breadcrumb":{"@id":"https:\/\/renatta.es\/blog\/#breadcrumb"},"inLanguage":"es","potentialAction":[{"@type":"ReadAction","target":["https:\/\/renatta.es\/blog\/"]}]},{"@type":"BreadcrumbList","@id":"https:\/\/renatta.es\/blog\/#breadcrumb","itemListElement":[{"@type":"ListItem","position":1,"name":"Portada","item":"https:\/\/renatta.es\/blog\/"},{"@type":"ListItem","position":2,"name":"Blog"}]},{"@type":"WebSite","@id":"https:\/\/renatta.es\/blog\/#website","url":"https:\/\/renatta.es\/blog\/","name":"Renatta Jop - Blog","description":"","publisher":{"@id":"https:\/\/renatta.es\/blog\/#organization"},"potentialAction":[{"@type":"SearchAction","target":{"@type":"EntryPoint","urlTemplate":"https:\/\/renatta.es\/blog\/?s={search_term_string}"},"query-input":"required name=search_term_string"}],"inLanguage":"es"},{"@type":"Organization","@id":"https:\/\/renatta.es\/blog\/#organization","name":"Renatta Jop - Blog","url":"https:\/\/renatta.es\/blog\/","logo":{"@type":"ImageObject","inLanguage":"es","@id":"https:\/\/renatta.es\/blog\/#\/schema\/logo\/image\/","url":"https:\/\/renatta.es\/blog\/wp-content\/uploads\/2024\/02\/renatta-logo.png","contentUrl":"https:\/\/renatta.es\/blog\/wp-content\/uploads\/2024\/02\/renatta-logo.png","width":295,"height":60,"caption":"Renatta Jop - Blog"},"image":{"@id":"https:\/\/renatta.es\/blog\/#\/schema\/logo\/image\/"}}]}},"_links":{"self":[{"href":"https:\/\/renatta.es\/blog\/wp-json\/wp\/v2\/pages\/161","targetHints":{"allow":["GET"]}}],"collection":[{"href":"https:\/\/renatta.es\/blog\/wp-json\/wp\/v2\/pages"}],"about":[{"href":"https:\/\/renatta.es\/blog\/wp-json\/wp\/v2\/types\/page"}],"author":[{"embeddable":true,"href":"https:\/\/renatta.es\/blog\/wp-json\/wp\/v2\/users\/1"}],"replies":[{"embeddable":true,"href":"https:\/\/renatta.es\/blog\/wp-json\/wp\/v2\/comments?post=161"}],"version-history":[{"count":4,"href":"https:\/\/renatta.es\/blog\/wp-json\/wp\/v2\/pages\/161\/revisions"}],"predecessor-version":[{"id":166,"href":"https:\/\/renatta.es\/blog\/wp-json\/wp\/v2\/pages\/161\/revisions\/166"}],"wp:attachment":[{"href":"https:\/\/renatta.es\/blog\/wp-json\/wp\/v2\/media?parent=161"}],"curies":[{"name":"wp","href":"https:\/\/api.w.org\/{rel}","templated":true}]}}